{"id":1243,"date":"2026-03-07T10:21:35","date_gmt":"2026-03-07T10:21:35","guid":{"rendered":"https:\/\/grillmania.hu\/?page_id=1243"},"modified":"2026-04-24T01:43:54","modified_gmt":"2026-04-23T23:43:54","slug":"blog","status":"publish","type":"page","link":"https:\/\/grillmania.hu\/en\/blog\/","title":{"rendered":"Blog"},"content":{"rendered":"\t\t<div data-elementor-type=\"wp-page\" data-elementor-id=\"1243\" class=\"elementor elementor-1243\" data-elementor-post-type=\"page\">\n\t\t\t\t<div class=\"elementor-element elementor-element-145569b e-flex e-con-boxed e-con e-parent\" data-id=\"145569b\" data-element_type=\"container\" data-e-type=\"container\" data-settings=\"{&quot;background_background&quot;:&quot;classic&quot;}\">\n\t\t\t\t\t<div class=\"e-con-inner\">\n\t\t<div class=\"elementor-element elementor-element-1ef1e18 e-con-full e-flex e-con e-child\" data-id=\"1ef1e18\" data-element_type=\"container\" data-e-type=\"container\">\n\t\t<div class=\"elementor-element elementor-element-a2c7dc6 e-con-full e-flex e-con e-child\" data-id=\"a2c7dc6\" data-element_type=\"container\" data-e-type=\"container\" data-settings=\"{&quot;sticky&quot;:&quot;top&quot;,&quot;sticky_offset&quot;:50,&quot;sticky_on&quot;:[&quot;desktop&quot;,&quot;tablet&quot;,&quot;mobile&quot;],&quot;sticky_effects_offset&quot;:0,&quot;sticky_anchor_link_offset&quot;:0}\">\n\t\t<div class=\"elementor-element elementor-element-0d50433 e-con-full e-flex e-con e-child\" data-id=\"0d50433\" data-element_type=\"container\" data-e-type=\"container\">\n\t\t\t\t<div class=\"elementor-element elementor-element-4b36d3e elementor-widget elementor-widget-html\" data-id=\"4b36d3e\" data-element_type=\"widget\" data-e-type=\"widget\" data-widget_type=\"html.default\">\n\t\t\t\t\t<nav>\n <button class=\"hamburger\" type=\"button\" aria-label=\"Menu\"\n          ><span class=\"visually-hidden\">Menu<\/span>\n          <span class=\"line\"><\/span>\n          <span class=\"line\"><\/span>\n          <span class=\"line\"><\/span>\n<\/button>\n<div class=\"mobile-menu\">\n        <div class=\"menu-wrapper container\">\n          <ul role=\"list\" class=\"menu-list\">\n            <li><a href=\"https:\/\/grillmania.hu\/\">Kezd\u0151oldal<\/a><\/li>\n            <li><a href=\"\/buda\">Grillmania Buda<\/a><\/li>\n            <li><a href=\"\/pest\">Grillmania Pest<\/a><\/li>\n            <li><a href=\"\/blog\">Blog<\/a><\/li>\n             <li><a href=\"\/kapcsolat\">Kapcsolat<\/a><\/li>\n           \n          <\/ul>\n        <\/div>\n<\/div>\n\n<\/nav>\t\t\t\t<\/div>\n\t\t\t\t<div class=\"elementor-element elementor-element-9f1cc1f elementor-widget elementor-widget-shortcode\" data-id=\"9f1cc1f\" data-element_type=\"widget\" data-e-type=\"widget\" data-widget_type=\"shortcode.default\">\n\t\t\t\t\t\t\t<div class=\"elementor-shortcode\"><div class=\"trp-shortcode-switcher__wrapper\"\r\n     style=\"--bg:#b48863;--bg-hover:#ffffff0d;--text:#ffffff;--text-hover:#b48863;--border:2px solid #ffffff1a;--border-width:2px;--border-color:#ffffff1a;--border-radius:5px;--flag-radius:2px;--flag-size:20px;--aspect-ratio:1;--font-size:16px;--transition-duration:0.2s\"\r\n     role=\"group\"\r\n     data-open-mode=\"hover\">\r\n\r\n    \r\n        <!-- Opposite mode: render ONLY the in-flow (relative) element so it holds space -->\r\n        <div class=\"trp-language-switcher trp-ls-dropdown trp-shortcode-switcher trp-shortcode-anchor trp-open-on-hover trp-opposite-button\"\r\n             role=\"navigation\"\r\n             aria-label=\"Website language selector\"\r\n             data-no-translation>\r\n                <div class=\"trp-current-language-item__wrapper trp-hide-arrow\">\r\n        <a class=\"trp-language-item trp-language-item__default\" data-no-translation href=\"https:\/\/grillmania.hu\/en\/wp-json\/wp\/v2\/pages\/1243#TRPLINKPROCESSED\" title=\"HU\"><span class=\"trp-language-item-name\">HU<\/span><\/a>            <\/div>\r\n            <\/div>\r\n\r\n    <\/div>\r\n<\/div>\n\t\t\t\t\t\t<\/div>\n\t\t\t\t<\/div>\n\t\t\t\t<div class=\"elementor-element elementor-element-d9d0dc3 hover-btn elementor-widget elementor-widget-button\" data-id=\"d9d0dc3\" data-element_type=\"widget\" data-e-type=\"widget\" data-widget_type=\"button.default\">\n\t\t\t\t\t\t\t\t\t\t<a class=\"elementor-button elementor-button-link elementor-size-sm\" href=\"#elementor-action%3Aaction%3Dpopup%3Aopen%26settings%3DeyJpZCI6IjE5MzEiLCJ0b2dnbGUiOmZhbHNlfQ%3D%3D\">\n\t\t\t\t\t\t<span class=\"elementor-button-content-wrapper\">\n\t\t\t\t\t\t\t\t\t<span class=\"elementor-button-text\">Asztalfoglal\u00e1s<\/span>\n\t\t\t\t\t<\/span>\n\t\t\t\t\t<\/a>\n\t\t\t\t\t\t\t\t<\/div>\n\t\t\t\t<\/div>\n\t\t\t\t<div class=\"elementor-element elementor-element-6b621cb elementor-widget-mobile__width-inherit e-transform elementor-widget elementor-widget-image\" data-id=\"6b621cb\" data-element_type=\"widget\" data-e-type=\"widget\" data-settings=\"{&quot;_transform_translateY_effect&quot;:{&quot;unit&quot;:&quot;%&quot;,&quot;size&quot;:&quot;&quot;,&quot;sizes&quot;:[]},&quot;_transform_translateY_effect_tablet&quot;:{&quot;unit&quot;:&quot;%&quot;,&quot;size&quot;:&quot;&quot;,&quot;sizes&quot;:[]},&quot;_transform_translateY_effect_mobile&quot;:{&quot;unit&quot;:&quot;%&quot;,&quot;size&quot;:0,&quot;sizes&quot;:[]},&quot;_transform_translateX_effect&quot;:{&quot;unit&quot;:&quot;%&quot;,&quot;size&quot;:&quot;&quot;,&quot;sizes&quot;:[]},&quot;_transform_translateX_effect_tablet&quot;:{&quot;unit&quot;:&quot;%&quot;,&quot;size&quot;:&quot;&quot;,&quot;sizes&quot;:[]},&quot;_transform_translateX_effect_mobile&quot;:{&quot;unit&quot;:&quot;%&quot;,&quot;size&quot;:0,&quot;sizes&quot;:[]}}\" data-widget_type=\"image.default\">\n\t\t\t\t\t\t\t\t\t\t\t\t\t\t\t<img fetchpriority=\"high\" decoding=\"async\" width=\"274\" height=\"274\" src=\"https:\/\/grillmania.hu\/wp-content\/uploads\/2026\/02\/grillmania-logo.png\" class=\"attachment-large size-large wp-image-77\" alt=\"\" srcset=\"https:\/\/grillmania.hu\/wp-content\/uploads\/2026\/02\/grillmania-logo.png 274w, https:\/\/grillmania.hu\/wp-content\/uploads\/2026\/02\/grillmania-logo-150x150.png 150w\" sizes=\"(max-width: 274px) 100vw, 274px\" \/>\t\t\t\t\t\t\t\t\t\t\t\t\t\t\t<\/div>\n\t\t\t\t<\/div>\n\t\t\t\t\t<\/div>\n\t\t\t\t<\/div>\n\t\t<div class=\"elementor-element elementor-element-9518497 e-flex e-con-boxed e-con e-parent\" data-id=\"9518497\" data-element_type=\"container\" data-e-type=\"container\" data-settings=\"{&quot;background_background&quot;:&quot;classic&quot;}\">\n\t\t\t\t\t<div class=\"e-con-inner\">\n\t\t\t\t<div class=\"elementor-element elementor-element-cecfe10 elementor-widget__width-initial animated-slow elementor-invisible elementor-widget elementor-widget-heading\" data-id=\"cecfe10\" data-element_type=\"widget\" data-e-type=\"widget\" data-settings=\"{&quot;_animation&quot;:&quot;fadeInUp&quot;}\" data-widget_type=\"heading.default\">\n\t\t\t\t\t<h2 class=\"elementor-heading-title elementor-size-default\">Sztorik grillez\u00e9sr\u0151l \u00e9s grillez\u00e9s mell\u00e9<\/h2>\t\t\t\t<\/div>\n\t\t\t\t<div class=\"elementor-element elementor-element-f333d19 elementor-widget__width-initial animated-slow elementor-invisible elementor-widget elementor-widget-text-editor\" data-id=\"f333d19\" data-element_type=\"widget\" data-e-type=\"widget\" data-settings=\"{&quot;_animation&quot;:&quot;fadeInUp&quot;}\" data-widget_type=\"text-editor.default\">\n\t\t\t\t\t\t\t\t\tBlogunkban m\u00e9lyebbre \u00e1sunk abba a vil\u00e1gba, ahonnan \u00e9rkezt\u00fcnk: gasztron\u00f3miai hagyom\u00e1nyokba, r\u00e9gi receptekbe, k\u00f6z\u00f6ss\u00e9gi szok\u00e1sokba \u00e9s azokba a t\u00f6rt\u00e9netekbe, amelyek egy grill k\u00f6r\u00fcl sz\u00fclettek. Sz\u00f3 lesz ev\u00e9sr\u0151l \u00e9s iv\u00e1sr\u00f3l, legend\u00e1s fog\u00e1sokr\u00f3l, \u00e9s nagy balk\u00e1ni sztorik is el\u0151fordulnak majd.\t\t\t\t\t\t\t\t<\/div>\n\t\t\t\t<div class=\"elementor-element elementor-element-a9dd51f elementor-widget__width-initial animated-slow elementor-invisible elementor-widget elementor-widget-text-editor\" data-id=\"a9dd51f\" data-element_type=\"widget\" data-e-type=\"widget\" data-settings=\"{&quot;_animation&quot;:&quot;fadeInUp&quot;}\" data-widget_type=\"text-editor.default\">\n\t\t\t\t\t\t\t\t\tAhogy egy hossz\u00fara ny\u00fal\u00f3 s\u00fct\u00f6get\u00e9s, ez a t\u00f6rt\u00e9nett\u00e1r is egy hely, ahol elid\u0151zhetsz, \u00e9s \u00e1tadhatod magad a mediterr\u00e1n hangulatnak.\t\t\t\t\t\t\t\t<\/div>\n\t\t\t\t\t<\/div>\n\t\t\t\t<\/div>\n\t\t<div class=\"elementor-element elementor-element-9249020 e-flex e-con-boxed e-con e-parent\" data-id=\"9249020\" data-element_type=\"container\" data-e-type=\"container\" data-settings=\"{&quot;background_background&quot;:&quot;classic&quot;}\">\n\t\t\t\t\t<div class=\"e-con-inner\">\n\t\t<div class=\"elementor-element elementor-element-de3bc6e e-con-full e-flex e-con e-child\" data-id=\"de3bc6e\" data-element_type=\"container\" data-e-type=\"container\">\n\t\t\t\t<div class=\"elementor-element elementor-element-9505617 elementor-posts--align-center elementor-grid-3 elementor-grid-tablet-2 elementor-grid-mobile-1 elementor-posts--thumbnail-top elementor-posts__hover-gradient elementor-widget elementor-widget-posts\" data-id=\"9505617\" data-element_type=\"widget\" data-e-type=\"widget\" id=\"custom-blog\" data-settings=\"{&quot;pagination_type&quot;:&quot;prev_next&quot;,&quot;cards_columns&quot;:&quot;3&quot;,&quot;cards_columns_tablet&quot;:&quot;2&quot;,&quot;cards_columns_mobile&quot;:&quot;1&quot;,&quot;cards_row_gap&quot;:{&quot;unit&quot;:&quot;px&quot;,&quot;size&quot;:35,&quot;sizes&quot;:[]},&quot;cards_row_gap_tablet&quot;:{&quot;unit&quot;:&quot;px&quot;,&quot;size&quot;:&quot;&quot;,&quot;sizes&quot;:[]},&quot;cards_row_gap_mobile&quot;:{&quot;unit&quot;:&quot;px&quot;,&quot;size&quot;:&quot;&quot;,&quot;sizes&quot;:[]}}\" data-widget_type=\"posts.cards\">\n\t\t\t\t<div class=\"elementor-widget-container\">\n\t\t\t\t\t\t\t<div class=\"elementor-posts-container elementor-posts elementor-posts--skin-cards elementor-grid\" role=\"list\">\n\t\t\t\t<article class=\"elementor-post elementor-grid-item post-1731 post type-post status-publish format-standard has-post-thumbnail hentry category-uncategorized\" role=\"listitem\">\n\t\t\t<div class=\"elementor-post__card\">\n\t\t\t\t<a class=\"elementor-post__thumbnail__link\" href=\"https:\/\/grillmania.hu\/en\/pljeskavica-a-balkani-grillkultura-csucsa\/\" tabindex=\"-1\" ><div class=\"elementor-post__thumbnail\"><img decoding=\"async\" width=\"768\" height=\"514\" src=\"https:\/\/grillmania.hu\/wp-content\/uploads\/2026\/03\/contact_bg-768x514.jpg\" class=\"attachment-medium_large size-medium_large wp-image-1407\" alt=\"\" srcset=\"https:\/\/grillmania.hu\/wp-content\/uploads\/2026\/03\/contact_bg-768x514.jpg 768w, https:\/\/grillmania.hu\/wp-content\/uploads\/2026\/03\/contact_bg-300x201.jpg 300w, https:\/\/grillmania.hu\/wp-content\/uploads\/2026\/03\/contact_bg-1024x686.jpg 1024w, https:\/\/grillmania.hu\/wp-content\/uploads\/2026\/03\/contact_bg-1536x1029.jpg 1536w, https:\/\/grillmania.hu\/wp-content\/uploads\/2026\/03\/contact_bg.jpg 1920w\" sizes=\"(max-width: 768px) 100vw, 768px\" \/><\/div><\/a>\n\t\t\t\t<div class=\"elementor-post__text\">\n\t\t\t\t<h3 class=\"elementor-post__title\">\n\t\t\t<a href=\"https:\/\/grillmania.hu\/en\/pljeskavica-a-balkani-grillkultura-csucsa\/\" >\n\t\t\t\tPljeskavica: A balk\u00e1ni grillkult\u00fara cs\u00facsa\t\t\t<\/a>\n\t\t<\/h3>\n\t\t\t\t<\/div>\n\t\t\t\t\t<\/div>\n\t\t<\/article>\n\t\t\t\t<article class=\"elementor-post elementor-grid-item post-203 post type-post status-publish format-standard has-post-thumbnail hentry category-uncategorized\" role=\"listitem\">\n\t\t\t<div class=\"elementor-post__card\">\n\t\t\t\t<a class=\"elementor-post__thumbnail__link\" href=\"https:\/\/grillmania.hu\/en\/tudod-milyen-az-a-balkan-vendeglatas-volt-mar-benne-reszed-2\/\" tabindex=\"-1\" ><div class=\"elementor-post__thumbnail\"><img decoding=\"async\" width=\"768\" height=\"351\" src=\"https:\/\/grillmania.hu\/wp-content\/uploads\/2026\/03\/buda_best-grill1-768x351.jpg\" class=\"attachment-medium_large size-medium_large wp-image-1131\" alt=\"\" srcset=\"https:\/\/grillmania.hu\/wp-content\/uploads\/2026\/03\/buda_best-grill1-768x351.jpg 768w, https:\/\/grillmania.hu\/wp-content\/uploads\/2026\/03\/buda_best-grill1-300x137.jpg 300w, https:\/\/grillmania.hu\/wp-content\/uploads\/2026\/03\/buda_best-grill1.jpg 820w\" sizes=\"(max-width: 768px) 100vw, 768px\" \/><\/div><\/a>\n\t\t\t\t<div class=\"elementor-post__text\">\n\t\t\t\t<h3 class=\"elementor-post__title\">\n\t\t\t<a href=\"https:\/\/grillmania.hu\/en\/tudod-milyen-az-a-balkan-vendeglatas-volt-mar-benne-reszed-2\/\" >\n\t\t\t\tUtaz\u00e1s az igazi Balk\u00e1non: a GrillM\u00e1nia bemutatja a csevapcsicsa titkait\t\t\t<\/a>\n\t\t<\/h3>\n\t\t\t\t<\/div>\n\t\t\t\t\t<\/div>\n\t\t<\/article>\n\t\t\t\t<\/div>\n\t\t\n\t\t\t\t\t\t<\/div>\n\t\t\t\t<\/div>\n\t\t\t\t<\/div>\n\t\t\t\t\t<\/div>\n\t\t\t\t<\/div>\n\t\t<div class=\"elementor-element elementor-element-ad4207a e-flex e-con-boxed e-con e-parent\" data-id=\"ad4207a\" data-element_type=\"container\" data-e-type=\"container\" data-settings=\"{&quot;background_background&quot;:&quot;classic&quot;}\">\n\t\t\t\t\t<div class=\"e-con-inner\">\n\t\t<div class=\"elementor-element elementor-element-047c6e7 e-con-full e-flex e-con e-child\" data-id=\"047c6e7\" data-element_type=\"container\" data-e-type=\"container\">\n\t\t<div class=\"elementor-element elementor-element-874acfd e-con-full e-flex e-con e-child\" data-id=\"874acfd\" data-element_type=\"container\" data-e-type=\"container\">\n\t\t\t\t<div class=\"elementor-element elementor-element-bc191af elementor-widget elementor-widget-text-editor\" data-id=\"bc191af\" data-element_type=\"widget\" data-e-type=\"widget\" data-widget_type=\"text-editor.default\">\n\t\t\t\t\t\t\t\t\t2026 &#8211;\u00a0<span class=\"bold\">GrillM\u00e1nia<\/span>\u00a0&#8211; Copyright \u00a9 Minden jog fenntartva!\t\t\t\t\t\t\t\t<\/div>\n\t\t\t\t<div class=\"elementor-element elementor-element-d1894c0 elementor-widget elementor-widget-text-editor\" data-id=\"d1894c0\" data-element_type=\"widget\" data-e-type=\"widget\" data-widget_type=\"text-editor.default\">\n\t\t\t\t\t\t\t\t\t<a href=\"#\">Adatkezel\u00e9si t\u00e1j\u00e9koztat\u00f3<\/a>\t\t\t\t\t\t\t\t<\/div>\n\t\t\t\t<\/div>\n\t\t\t\t<div class=\"elementor-element elementor-element-7966273 elementor-widget-tablet__width-initial elementor-widget elementor-widget-text-editor\" data-id=\"7966273\" data-element_type=\"widget\" data-e-type=\"widget\" data-widget_type=\"text-editor.default\">\n\t\t\t\t\t\t\t\t\tDesigned by <a href=\"https:\/\/www.smgraph.co.uk\/\" target=\"_blank\" rel=\"noopener\"><span class=\"bold\">SMGraphics<\/span><\/a>\t\t\t\t\t\t\t\t<\/div>\n\t\t\t\t<\/div>\n\t\t\t\t\t<\/div>\n\t\t\t\t<\/div>\n\t\t\t\t<\/div>\n\t\t","protected":false},"excerpt":{"rendered":"<p>Menu Kezd\u0151oldal Grillmania Buda Grillmania Pest Blog Kapcsolat Asztalfoglal\u00e1s Sztorik grillez\u00e9sr\u0151l \u00e9s grillez\u00e9s mell\u00e9 Blogunkban m\u00e9lyebbre \u00e1sunk abba a vil\u00e1gba, ahonnan \u00e9rkezt\u00fcnk: gasztron\u00f3miai hagyom\u00e1nyokba, r\u00e9gi<\/p>","protected":false},"author":1,"featured_media":0,"parent":0,"menu_order":0,"comment_status":"closed","ping_status":"closed","template":"elementor_canvas","meta":{"footnotes":""},"class_list":["post-1243","page","type-page","status-publish","hentry"],"_links":{"self":[{"href":"https:\/\/grillmania.hu\/en\/wp-json\/wp\/v2\/pages\/1243","targetHints":{"allow":["GET"]}}],"collection":[{"href":"https:\/\/grillmania.hu\/en\/wp-json\/wp\/v2\/pages"}],"about":[{"href":"https:\/\/grillmania.hu\/en\/wp-json\/wp\/v2\/types\/page"}],"author":[{"embeddable":true,"href":"https:\/\/grillmania.hu\/en\/wp-json\/wp\/v2\/users\/1"}],"replies":[{"embeddable":true,"href":"https:\/\/grillmania.hu\/en\/wp-json\/wp\/v2\/comments?post=1243"}],"version-history":[{"count":6,"href":"https:\/\/grillmania.hu\/en\/wp-json\/wp\/v2\/pages\/1243\/revisions"}],"predecessor-version":[{"id":2323,"href":"https:\/\/grillmania.hu\/en\/wp-json\/wp\/v2\/pages\/1243\/revisions\/2323"}],"wp:attachment":[{"href":"https:\/\/grillmania.hu\/en\/wp-json\/wp\/v2\/media?parent=1243"}],"curies":[{"name":"wp","href":"https:\/\/api.w.org\/{rel}","templated":true}]}}