{"id":1273,"date":"2026-03-07T10:36:50","date_gmt":"2026-03-07T10:36:50","guid":{"rendered":"https:\/\/grillmania.hu\/?page_id=1273"},"modified":"2026-04-24T01:44:04","modified_gmt":"2026-04-23T23:44:04","slug":"etlap-buda","status":"publish","type":"page","link":"https:\/\/grillmania.hu\/en\/etlap-buda\/","title":{"rendered":"\u00c9tlap Buda"},"content":{"rendered":"\t\t<div data-elementor-type=\"wp-page\" data-elementor-id=\"1273\" class=\"elementor elementor-1273\" data-elementor-post-type=\"page\">\n\t\t\t\t<div class=\"elementor-element elementor-element-0ea4a0c e-flex e-con-boxed e-con e-parent\" data-id=\"0ea4a0c\" data-element_type=\"container\" data-e-type=\"container\" data-settings=\"{&quot;background_background&quot;:&quot;classic&quot;}\">\n\t\t\t\t\t<div class=\"e-con-inner\">\n\t\t<div class=\"elementor-element elementor-element-d70dfe1 e-con-full e-flex e-con e-child\" data-id=\"d70dfe1\" data-element_type=\"container\" data-e-type=\"container\">\n\t\t<div class=\"elementor-element elementor-element-6953fac e-con-full e-flex e-con e-child\" data-id=\"6953fac\" data-element_type=\"container\" data-e-type=\"container\" data-settings=\"{&quot;sticky&quot;:&quot;top&quot;,&quot;sticky_offset&quot;:50,&quot;sticky_on&quot;:[&quot;desktop&quot;,&quot;tablet&quot;,&quot;mobile&quot;],&quot;sticky_effects_offset&quot;:0,&quot;sticky_anchor_link_offset&quot;:0}\">\n\t\t<div class=\"elementor-element elementor-element-9246a44 e-con-full e-flex e-con e-child\" data-id=\"9246a44\" data-element_type=\"container\" data-e-type=\"container\">\n\t\t\t\t<div class=\"elementor-element elementor-element-b07dffe elementor-widget elementor-widget-html\" data-id=\"b07dffe\" data-element_type=\"widget\" data-e-type=\"widget\" data-widget_type=\"html.default\">\n\t\t\t\t\t<nav>\n <button class=\"hamburger\" type=\"button\" aria-label=\"Menu\"\n          ><span class=\"visually-hidden\">Menu<\/span>\n          <span class=\"line\"><\/span>\n          <span class=\"line\"><\/span>\n          <span class=\"line\"><\/span>\n<\/button>\n<div class=\"mobile-menu\">\n        <div class=\"menu-wrapper container\">\n          <ul role=\"list\" class=\"menu-list\">\n            <li><a href=\"https:\/\/grillmania.hu\/\">Kezd\u0151oldal<\/a><\/li>\n            <li><a href=\"\/buda\">Grillmania Buda<\/a><\/li>\n            <li><a href=\"\/pest\">Grillmania Pest<\/a><\/li>\n            <li><a href=\"\/blog\">Blog<\/a><\/li>\n             <li><a href=\"\/kapcsolat\">Kapcsolat<\/a><\/li>\n           \n          <\/ul>\n        <\/div>\n<\/div>\n\n<\/nav>\t\t\t\t<\/div>\n\t\t\t\t<div class=\"elementor-element elementor-element-579859c elementor-widget elementor-widget-shortcode\" data-id=\"579859c\" data-element_type=\"widget\" data-e-type=\"widget\" data-widget_type=\"shortcode.default\">\n\t\t\t\t\t\t\t<div class=\"elementor-shortcode\"><div class=\"trp-shortcode-switcher__wrapper\"\r\n     style=\"--bg:#b48863;--bg-hover:#ffffff0d;--text:#ffffff;--text-hover:#b48863;--border:2px solid #ffffff1a;--border-width:2px;--border-color:#ffffff1a;--border-radius:5px;--flag-radius:2px;--flag-size:20px;--aspect-ratio:1;--font-size:16px;--transition-duration:0.2s\"\r\n     role=\"group\"\r\n     data-open-mode=\"hover\">\r\n\r\n    \r\n        <!-- Opposite mode: render ONLY the in-flow (relative) element so it holds space -->\r\n        <div class=\"trp-language-switcher trp-ls-dropdown trp-shortcode-switcher trp-shortcode-anchor trp-open-on-hover trp-opposite-button\"\r\n             role=\"navigation\"\r\n             aria-label=\"Website language selector\"\r\n             data-no-translation>\r\n                <div class=\"trp-current-language-item__wrapper trp-hide-arrow\">\r\n        <a class=\"trp-language-item trp-language-item__default\" data-no-translation href=\"https:\/\/grillmania.hu\/en\/wp-json\/wp\/v2\/pages\/1273#TRPLINKPROCESSED\" title=\"HU\"><span class=\"trp-language-item-name\">HU<\/span><\/a>            <\/div>\r\n            <\/div>\r\n\r\n    <\/div>\r\n<\/div>\n\t\t\t\t\t\t<\/div>\n\t\t\t\t<\/div>\n\t\t\t\t<div class=\"elementor-element elementor-element-0fbc0f9 hover-btn elementor-widget elementor-widget-button\" data-id=\"0fbc0f9\" data-element_type=\"widget\" data-e-type=\"widget\" data-widget_type=\"button.default\">\n\t\t\t\t\t\t\t\t\t\t<a class=\"elementor-button elementor-button-link elementor-size-sm\" href=\"#elementor-action%3Aaction%3Dpopup%3Aopen%26settings%3DeyJpZCI6IjE5MjgiLCJ0b2dnbGUiOmZhbHNlfQ%3D%3D\">\n\t\t\t\t\t\t<span class=\"elementor-button-content-wrapper\">\n\t\t\t\t\t\t\t\t\t<span class=\"elementor-button-text\">Asztalfoglal\u00e1s<\/span>\n\t\t\t\t\t<\/span>\n\t\t\t\t\t<\/a>\n\t\t\t\t\t\t\t\t<\/div>\n\t\t\t\t<\/div>\n\t\t\t\t<div class=\"elementor-element elementor-element-0757631 elementor-widget-mobile__width-inherit e-transform elementor-widget elementor-widget-image\" data-id=\"0757631\" data-element_type=\"widget\" data-e-type=\"widget\" data-settings=\"{&quot;_transform_translateY_effect&quot;:{&quot;unit&quot;:&quot;%&quot;,&quot;size&quot;:&quot;&quot;,&quot;sizes&quot;:[]},&quot;_transform_translateY_effect_tablet&quot;:{&quot;unit&quot;:&quot;%&quot;,&quot;size&quot;:&quot;&quot;,&quot;sizes&quot;:[]},&quot;_transform_translateY_effect_mobile&quot;:{&quot;unit&quot;:&quot;%&quot;,&quot;size&quot;:0,&quot;sizes&quot;:[]},&quot;_transform_translateX_effect&quot;:{&quot;unit&quot;:&quot;%&quot;,&quot;size&quot;:&quot;&quot;,&quot;sizes&quot;:[]},&quot;_transform_translateX_effect_tablet&quot;:{&quot;unit&quot;:&quot;%&quot;,&quot;size&quot;:&quot;&quot;,&quot;sizes&quot;:[]},&quot;_transform_translateX_effect_mobile&quot;:{&quot;unit&quot;:&quot;%&quot;,&quot;size&quot;:0,&quot;sizes&quot;:[]}}\" data-widget_type=\"image.default\">\n\t\t\t\t\t\t\t\t\t\t\t\t\t\t\t<img decoding=\"async\" width=\"200\" height=\"200\" src=\"https:\/\/grillmania.hu\/wp-content\/uploads\/2026\/03\/grillmania_buda.png\" class=\"attachment-large size-large wp-image-1120\" alt=\"\" srcset=\"https:\/\/grillmania.hu\/wp-content\/uploads\/2026\/03\/grillmania_buda.png 200w, https:\/\/grillmania.hu\/wp-content\/uploads\/2026\/03\/grillmania_buda-150x150.png 150w\" sizes=\"(max-width: 200px) 100vw, 200px\" \/>\t\t\t\t\t\t\t\t\t\t\t\t\t\t\t<\/div>\n\t\t\t\t<\/div>\n\t\t\t\t\t<\/div>\n\t\t\t\t<\/div>\n\t\t<div class=\"elementor-element elementor-element-bf131e4 e-flex e-con-boxed e-con e-parent\" data-id=\"bf131e4\" data-element_type=\"container\" data-e-type=\"container\" data-settings=\"{&quot;background_background&quot;:&quot;classic&quot;}\">\n\t\t\t\t\t<div class=\"e-con-inner\">\n\t\t\t\t<div class=\"elementor-element elementor-element-e9991f5 elementor-widget__width-initial animated-slow elementor-invisible elementor-widget elementor-widget-heading\" data-id=\"e9991f5\" data-element_type=\"widget\" data-e-type=\"widget\" data-settings=\"{&quot;_animation&quot;:&quot;fadeInUp&quot;}\" data-widget_type=\"heading.default\">\n\t\t\t\t\t<h2 class=\"elementor-heading-title elementor-size-default\">\u00c9tlap \u00e9s itallap<\/h2>\t\t\t\t<\/div>\n\t\t\t\t<div class=\"elementor-element elementor-element-4d63994 elementor-widget__width-initial animated-slow elementor-invisible elementor-widget elementor-widget-text-editor\" data-id=\"4d63994\" data-element_type=\"widget\" data-e-type=\"widget\" data-settings=\"{&quot;_animation&quot;:&quot;fadeInUp&quot;}\" data-widget_type=\"text-editor.default\">\n\t\t\t\t\t\t\t\t\t\u00c9tlapunkon a balk\u00e1ni grillkonyha legjav\u00e1t k\u00edn\u00e1ljuk hagyom\u00e1nyos receptek alapj\u00e1n, min\u0151s\u00e9gi alapanyagokb\u00f3l, fasz\u00e9nen k\u00e9sz\u00edtve. A h\u00fasok frissen \u00e9rkeznek, a fog\u00e1sok rendel\u00e9sre k\u00e9sz\u00fclnek, a par\u00e1zs pedig eg\u00e9sz nap dolgozik.\t\t\t\t\t\t\t\t<\/div>\n\t\t\t\t<div class=\"elementor-element elementor-element-d64dec0 elementor-widget__width-initial animated-slow elementor-invisible elementor-widget elementor-widget-text-editor\" data-id=\"d64dec0\" data-element_type=\"widget\" data-e-type=\"widget\" data-settings=\"{&quot;_animation&quot;:&quot;fadeInUp&quot;}\" data-widget_type=\"text-editor.default\">\n\t\t\t\t\t\t\t\t\tAz \u00edzeket bolg\u00e1r borok, csapolt s\u00f6r\u00f6k \u00e9s h\u00e1zi k\u00e9sz\u00edt\u00e9s\u0171 italok teszik teljess\u00e9.\nLapozz bele virtu\u00e1lis k\u00edn\u00e1latunkba, \u00e9s foglalj asztalt a budai balk\u00e1n grill otthon\u00e1ba!\t\t\t\t\t\t\t\t<\/div>\n\t\t<div class=\"elementor-element elementor-element-ef6015b e-con-full e-flex e-con e-child\" data-id=\"ef6015b\" data-element_type=\"container\" data-e-type=\"container\">\n\t\t\t\t<div class=\"elementor-element elementor-element-1834e7c global-btn hover-btn animated-slow elementor-invisible elementor-widget elementor-widget-button\" data-id=\"1834e7c\" data-element_type=\"widget\" data-e-type=\"widget\" data-settings=\"{&quot;_animation_mobile&quot;:&quot;none&quot;,&quot;_animation_delay&quot;:500,&quot;_animation&quot;:&quot;fadeInUp&quot;}\" data-widget_type=\"button.default\">\n\t\t\t\t\t\t\t\t\t\t<a class=\"elementor-button elementor-button-link elementor-size-sm\" href=\"https:\/\/grillmania.hu\/wp-content\/uploads\/2026\/03\/Etlap-20250430-Buda.pdf\" target=\"_blank\">\n\t\t\t\t\t\t<span class=\"elementor-button-content-wrapper\">\n\t\t\t\t\t\t\t\t\t<span class=\"elementor-button-text\">\u00e9tlap<\/span>\n\t\t\t\t\t<\/span>\n\t\t\t\t\t<\/a>\n\t\t\t\t\t\t\t\t<\/div>\n\t\t\t\t<\/div>\n\t\t\t\t\t<\/div>\n\t\t\t\t<\/div>\n\t\t<div class=\"elementor-element elementor-element-e2897eb e-flex e-con-boxed e-con e-parent\" data-id=\"e2897eb\" data-element_type=\"container\" data-e-type=\"container\" data-settings=\"{&quot;background_background&quot;:&quot;classic&quot;}\">\n\t\t\t\t\t<div class=\"e-con-inner\">\n\t\t<div class=\"elementor-element elementor-element-8a6b42b e-con-full e-flex e-con e-child\" data-id=\"8a6b42b\" data-element_type=\"container\" data-e-type=\"container\">\n\t\t<div class=\"elementor-element elementor-element-050b8dd e-con-full e-flex e-con e-child\" data-id=\"050b8dd\" data-element_type=\"container\" data-e-type=\"container\">\n\t\t\t\t<div class=\"elementor-element elementor-element-d023932 elementor-widget elementor-widget-text-editor\" data-id=\"d023932\" data-element_type=\"widget\" data-e-type=\"widget\" data-widget_type=\"text-editor.default\">\n\t\t\t\t\t\t\t\t\t2026 &#8211;\u00a0<span class=\"bold\">GrillM\u00e1nia<\/span>\u00a0&#8211; Copyright \u00a9 Minden jog fenntartva!\t\t\t\t\t\t\t\t<\/div>\n\t\t\t\t<div class=\"elementor-element elementor-element-9bd61a2 elementor-widget elementor-widget-text-editor\" data-id=\"9bd61a2\" data-element_type=\"widget\" data-e-type=\"widget\" data-widget_type=\"text-editor.default\">\n\t\t\t\t\t\t\t\t\t<a href=\"#\">Adatkezel\u00e9si t\u00e1j\u00e9koztat\u00f3<\/a>\t\t\t\t\t\t\t\t<\/div>\n\t\t\t\t<\/div>\n\t\t\t\t<div class=\"elementor-element elementor-element-3eadfa0 elementor-widget-tablet__width-initial elementor-widget elementor-widget-text-editor\" data-id=\"3eadfa0\" data-element_type=\"widget\" data-e-type=\"widget\" data-widget_type=\"text-editor.default\">\n\t\t\t\t\t\t\t\t\tDesigned by <a href=\"https:\/\/www.smgraph.co.uk\/\" target=\"_blank\" rel=\"noopener\"><span class=\"bold\">SMGraphics<\/span><\/a>\t\t\t\t\t\t\t\t<\/div>\n\t\t\t\t<\/div>\n\t\t\t\t\t<\/div>\n\t\t\t\t<\/div>\n\t\t\t\t<\/div>\n\t\t","protected":false},"excerpt":{"rendered":"<p>Menu Kezd\u0151oldal Grillmania Buda Grillmania Pest Blog Kapcsolat Asztalfoglal\u00e1s \u00c9tlap \u00e9s itallap \u00c9tlapunkon a balk\u00e1ni grillkonyha legjav\u00e1t k\u00edn\u00e1ljuk hagyom\u00e1nyos receptek alapj\u00e1n, min\u0151s\u00e9gi alapanyagokb\u00f3l, fasz\u00e9nen k\u00e9sz\u00edtve. A h\u00fasok frissen \u00e9rkeznek, a fog\u00e1sok rendel\u00e9sre k\u00e9sz\u00fclnek, a par\u00e1zs pedig eg\u00e9sz nap dolgozik.Az \u00edzeket bolg\u00e1r borok, csapolt s\u00f6r\u00f6k \u00e9s h\u00e1zi k\u00e9sz\u00edt\u00e9s\u0171 italok teszik teljess\u00e9. Lapozz bele virtu\u00e1lis k\u00edn\u00e1latunkba, \u00e9s [&hellip;]<\/p>\n","protected":false},"author":1,"featured_media":0,"parent":0,"menu_order":0,"comment_status":"closed","ping_status":"closed","template":"elementor_canvas","meta":{"footnotes":""},"class_list":["post-1273","page","type-page","status-publish","hentry"],"_links":{"self":[{"href":"https:\/\/grillmania.hu\/en\/wp-json\/wp\/v2\/pages\/1273","targetHints":{"allow":["GET"]}}],"collection":[{"href":"https:\/\/grillmania.hu\/en\/wp-json\/wp\/v2\/pages"}],"about":[{"href":"https:\/\/grillmania.hu\/en\/wp-json\/wp\/v2\/types\/page"}],"author":[{"embeddable":true,"href":"https:\/\/grillmania.hu\/en\/wp-json\/wp\/v2\/users\/1"}],"replies":[{"embeddable":true,"href":"https:\/\/grillmania.hu\/en\/wp-json\/wp\/v2\/comments?post=1273"}],"version-history":[{"count":9,"href":"https:\/\/grillmania.hu\/en\/wp-json\/wp\/v2\/pages\/1273\/revisions"}],"predecessor-version":[{"id":2326,"href":"https:\/\/grillmania.hu\/en\/wp-json\/wp\/v2\/pages\/1273\/revisions\/2326"}],"wp:attachment":[{"href":"https:\/\/grillmania.hu\/en\/wp-json\/wp\/v2\/media?parent=1273"}],"curies":[{"name":"wp","href":"https:\/\/api.w.org\/{rel}","templated":true}]}}